{"id":155,"date":"2017-08-26T09:41:03","date_gmt":"2017-08-26T08:41:03","guid":{"rendered":"http:\/\/new.becsalberlet.com\/pages\/?page_id=155"},"modified":"2024-05-17T08:21:39","modified_gmt":"2024-05-17T07:21:39","slug":"lakasberles","status":"publish","type":"page","link":"https:\/\/becsalberlet.com\/pages\/lakasberles\/","title":{"rendered":"Mire van sz\u00fcks\u00e9gem, ha B\u00e9csben szeretn\u00e9k lak\u00e1st b\u00e9relni?"},"content":{"rendered":"<p><br \/>\n<strong>Minimum 16 h\u00f3nap id\u0151tartamra sz\u00f3l\u00f3 b\u00e9rl\u00e9si k\u00f6telezetts\u00e9g<\/strong><\/p>\n<p>Els\u0151sorban azoknak aj\u00e1nljuk a b\u00e9rlak\u00e1s int\u00e9zm\u00e9ny\u00e9t, akik hossz\u00fa t\u00e1vra terveznek az osztr\u00e1k f\u0151v\u00e1rosban maradni. T\u00f6rv\u00e9nyileg szab\u00e1lyozott keretek k\u00f6z\u00f6tt a minimum b\u00e9rl\u00e9si id\u0151 16 h\u00f3nap (1 \u00e9v + 3 h\u00f3nap felmond\u00e1si id\u0151), mivel a b\u00e9rleti szerz\u0151d\u00e9s legkor\u00e1bban az 1 \u00e9v letelte ut\u00e1ni k\u00f6vetkez\u0151 h\u00f3napban mondhat\u00f3 fel. Az alb\u00e9rlet minimum 3, maximum 6 havi kauci\u00f3 let\u00e9tel\u00e9vel, az ad\u00f3hivatali illet\u00e9k valamint az esetleges \u00fcgyv\u00e9di k\u00f6lts\u00e9g egy r\u00e9sz\u00e9nek egyidej\u0171 fizet\u00e9si k\u00f6telezetts\u00e9g\u00e9vel is j\u00e1r.<\/p>\n<p><strong>Fix munkahely<\/strong><\/p>\n<p>Fontos felt\u00e9tel, hogy a b\u00e9rlak\u00e1s keres\u0151 bejelentett teljes munkaid\u0151s \u00e1ll\u00e1ssal rendelkezzen B\u00e9csben, amelyet az elm\u00falt 3 h\u00f3nap b\u00e9rpap\u00edrjainak beny\u00fajt\u00e1s\u00e1val is sz\u00fcks\u00e9ges igazolnia. \u00c1ltal\u00e1noss\u00e1gban elmondhat\u00f3, hogy a nett\u00f3 fizet\u00e9snek minimum k\u00e9tszer, de ink\u00e1bb k\u00e9t \u00e9s f\u00e9lszer nagyobbnak kell lennie, a brutt\u00f3 b\u00e9rleti d\u00edjn\u00e1l, hogy a tulajdonos meggy\u0151z\u00f6dj\u00f6n a leend\u0151 b\u00e9rl\u0151 hossz\u00fa t\u00e1v\u00fa fizet\u0151k\u00e9pess\u00e9g\u00e9r\u0151l. A brutt\u00f3 b\u00e9rleti d\u00edj alatt a k\u00f6z\u00f6s k\u00f6lts\u00e9ggel b\u0151v\u00edtett b\u00e9rleti d\u00edjat \u00e9rtj\u00fck, amely a f\u0171t\u00e9s, melegv\u00edz \u00e9s vil\u00e1g\u00edt\u00e1s k\u00f6lts\u00e9g\u00e9t nem tartalmazza.<\/p>\n<p>Di\u00e1kok eset\u00e9ben a fizet\u0151k\u00e9pess\u00e9g bizony\u00edt\u00e1sa kezes bevon\u00e1s\u00e1val hidalhat\u00f3 \u00e1t. Ebben az esetben a kezesnek sz\u00fcks\u00e9ges b\u00e9rpap\u00edrokat bemutatni.<\/p>\n<p><strong>Alb\u00e9rlet keres\u00e9s munkakeres\u0151knek<\/strong><\/p>\n<p>A m\u00e9g munkakeres\u0151knek vagy frissen munk\u00e1ba l\u00e9p\u0151knek a fentiek tekintet\u00e9ben nehezebb dolga van az alb\u00e9rletkeres\u00e9s ter\u00e9n. Ezekben az esetekben sem lehetetlen&nbsp; b\u00e9rlak\u00e1shoz jutni, amennyiben a lak\u00e1skeres\u0151 hajland\u00f3 magasabb ak\u00e1r 6 havi kauci\u00f3 kifizet\u00e9s\u00e9re.<\/p>\n<p>\u00d6sszess\u00e9g\u00e9ben n\u00e9zve az osztr\u00e1k f\u0151v\u00e1ros alb\u00e9rleti szab\u00e1lyoz\u00e1sa szigor\u00fa, \u00e1m pont ez az er\u0151s t\u00f6rv\u00e9nyi leszab\u00e1lyozotts\u00e1g teszi biztons\u00e1goss\u00e1 \u00e9s kisz\u00e1m\u00edthat\u00f3v\u00e1, mind a b\u00e9rlak\u00e1s tulajdonosok mind a b\u00e9rl\u0151k sz\u00e1m\u00e1ra.<\/p>\n<p><strong>Milyen dokumentumok sz\u00fcks\u00e9gesek a b\u00e9rl\u00e9shez?<\/strong><\/p>\n<ul>\n<li>Ausztriai lakc\u00edmbejelent\u0151 lap<\/li>\n<li>Munkaszerz\u0151d\u00e9s<\/li>\n<li>Kereseti igazol\u00e1s<\/li>\n<li>Utols\u00f3 h\u00e1rom havi b\u00e9rpap\u00edr<\/li>\n<li>Szem\u00e9lyazonoss\u00e1got igazol\u00f3 dokumentum: szem\u00e9lyi igazolv\u00e1ny vagy jogos\u00edtv\u00e1ny vagy \u00fatlev\u00e9l<\/li>\n<li>Bankk\u00e1rtya<\/li>\n<\/ul>\n<p><strong>A b\u00e9rl\u00e9s menete a k\u00f6vetkez\u0151k\u00e9ppen m\u0171k\u00f6dik a gyakorlatban:<\/strong><\/p>\n<p>El\u0151zetesen telefonon egyeztetett id\u0151pont alapj\u00e1n mutatjuk meg az ingatlant az \u00e9rdekl\u0151d\u0151knek.<\/p>\n<p>A lak\u00e1smegtekint\u00e9s sor\u00e1n teljes k\u00f6r\u0171 inform\u00e1ci\u00f3val l\u00e1tjuk el az \u00e9rdekl\u0151d\u0151t a lak\u00e1sr\u00f3l \u00e9s egy esetleges b\u00e9rl\u00e9ssel kapcsolatos tov\u00e1bbi l\u00e9p\u00e9sekr\u0151l. Nyomtatott form\u00e1ban \u00e1tadjuk a k\u00f6vetkez\u0151 dokumentumokat:<\/p>\n<ul>\n<li>k\u00f6lts\u00e9gkimutat\u00e1s a b\u00e9rl\u00e9s teljes k\u00f6lts\u00e9g\u00e9r\u0151l<\/li>\n<li>aktu\u00e1lis k\u00f6z\u00f6s k\u00f6lts\u00e9g kivonat<\/li>\n<li>alaprajz<\/li>\n<li>energiatan\u00fas\u00edtv\u00e1ny<\/li>\n<li>b\u00e9rleti el\u0151szerz\u0151d\u00e9s minta<\/li>\n<li>szem\u00e9lyes adatok megad\u00e1s\u00e1ra szolg\u00e1l\u00f3 nyomtatv\u00e1ny minta<\/li>\n<li>lista a b\u00e9rl\u00e9s eset\u00e9n sz\u00fcks\u00e9ges dokumentumokr\u00f3l<\/li>\n<\/ul>\n<p>A lak\u00e1sl\u00e1togat\u00e1s v\u00e9g\u00e9n az \u00e9rdekl\u0151d\u0151 egy az \u00fan. Besichtigungsscheint, l\u00e1togat\u00e1si jegyz\u0151k\u00f6nyvet \u00edr al\u00e1, amely arra szolg\u00e1l, hogy igazolni tudjuk a tulajdonos fel\u00e9, hogy t\u00e1voll\u00e9t\u00e9ben kinek mutattuk meg a lak\u00e1st \u00e9s minden l\u00e9nyeges inform\u00e1ci\u00f3t a lak\u00e1ssal kapcsolatban \u00e1tadtunk.<\/p>\n<p><strong>FONTOS!<\/strong> A l\u00e1togat\u00e1si jegy csak egy formalit\u00e1s, amelynek al\u00e1\u00edr\u00e1sa nem k\u00f6telezi az \u00e9rdekl\u0151d\u0151t a lak\u00e1s b\u00e9rbev\u00e9tel\u00e9re.<\/p>\n<p><strong>Ha megvan a megfelel\u0151 lak\u00e1s<\/strong><\/p>\n<p>Amennyiben az \u00e9rdekl\u0151d\u0151 \u00fagy d\u00f6nt, hogy b\u00e9rbe veszi az ingatlant, id\u0151pontot egyeztet\u00fcnk egy szem\u00e9lyes tal\u00e1lkoz\u00f3ra irod\u00e1nkban, amelynek keret\u00e9n bel\u00fcl lef\u00e9nym\u00e1soljuk a b\u00e9rl\u0151 dokumentumait (L\u00e1sd sz\u00fcks\u00e9ges dokumentumok pont alatt) \u00e9s al\u00e1\u00edrjuk a b\u00e9rleti el\u0151szerz\u0151d\u00e9st (Mietanbot).<\/p>\n<p>A b\u00e9rl\u0151 jel\u00f6lt \u00e1tlal al\u00e1\u00edrt b\u00e9rleti el\u0151szerz\u0151d\u00e9st a b\u00e9rl\u0151 jel\u00f6lt dokumentumaival egy\u00fctt tov\u00e1bb\u00edtjuk a tulajdonosnak. A tulajdonosnak t\u00f6rv\u00e9ny szerint 14 napja van, hogy meghozza d\u00f6nt\u00e9s\u00e9t. Teh\u00e1t a b\u00e9rleti el\u0151szerz\u0151d\u00e9s 14 napig \u00e9rv\u00e9nyes.<\/p>\n<p><strong>Tulajdonosi j\u00f3v\u00e1hagy\u00e1st k\u00f6vet\u0151 teend\u0151k<\/strong><\/p>\n<p>Amennyiben a tulajdonos elfogadja a jel\u00f6ltet b\u00e9rl\u0151nek, \u0151 is al\u00e1\u00edrja a b\u00e9rleti el\u0151szerz\u0151d\u00e9st, amelyet tov\u00e1bb\u00edtunk a b\u00e9rl\u0151nek.<\/p>\n<p>A b\u00e9rleti el\u0151szerz\u0151d\u00e9s k\u00f6lcs\u00f6n\u00f6s al\u00e1\u00edr\u00e1sa ut\u00e1n id\u0151pontot egyeztet\u00fcnk a felekkel a b\u00e9rleti szerz\u0151d\u00e9s (Mietvertrag) al\u00e1\u00edr\u00e1s\u00e1ra \u00e9s a lak\u00e1s \u00e1tad\u00e1s\u00e1ra. Az esetek t\u00f6bbs\u00e9g\u00e9ben a szerz\u0151d\u00e9st \u00fcgyv\u00e9d k\u00e9sz\u00edti. A szerz\u0151d\u00e9s elk\u00e9sz\u00edt\u00e9s\u00e9hez sz\u00fcks\u00e9ges dokumentumokat irod\u00e1nk emailben k\u00fcldi el az \u00fcgyv\u00e9dnek, m\u00e1solatba t\u00e9ve a szerz\u0151d\u0151 feleket (b\u00e9rl\u0151, tulajdonos):<\/p>\n<p><strong>B\u00e9rleti szerz\u0151d\u00e9shez sz\u00fcks\u00e9ges dokumentumok<\/strong><\/p>\n<ul>\n<li>al\u00e1\u00edrt l\u00e1togat\u00e1si jegyz\u0151k\u00f6nyv<\/li>\n<li>k\u00f6lcs\u00f6n\u00f6sen al\u00e1\u00edrt b\u00e9rleti el\u0151szerz\u0151d\u00e9s<\/li>\n<li>b\u00e9rl\u0151 dokumentumai<\/li>\n<li>fot\u00f3k a lak\u00e1sr\u00f3l<\/li>\n<li>b\u00e9rleti szerz\u0151d\u00e9shez sz\u00fcks\u00e9ges adatok (ingatlan m\u00e9rete, feloszt\u00e1sa, berendez\u00e9se, havi b\u00e9rleti d\u00edj \u00f6sszege \u00e9s \u00f6sszet\u00e9tele, b\u00e9rleti viszony id\u0151tartama, kauci\u00f3 \u00f6sszege, tulajdonos sz\u00e1mlasz\u00e1ma stb.<\/li>\n<\/ul>\n<p>Az \u00fcgyv\u00e9d a rendelkez\u00e9s\u00e9re \u00e1ll\u00edtott adatok alapj\u00e1n elk\u00e9sz\u00edti a b\u00e9rlei szerz\u0151d\u00e9st, amelyet m\u00e9g a szerz\u0151d\u00e9s al\u00e1\u00edr\u00e1sa el\u0151tti napokban elektronikusan kik\u00fcld\u00fcnk a szerz\u0151d\u0151 feleknek \u00e1tolvas\u00e1sra.<\/p>\n<p><strong>Lak\u00e1sbiztos\u00edt\u00e1s<\/strong><\/p>\n<p>Amennyiben a b\u00e9rl\u0151 nem rendelkezik lak\u00e1sbiztos\u00edt\u00e1ssal, irod\u00e1nk megb\u00edzhat\u00f3 biztos\u00edt\u00e1si szakember aj\u00e1nl\u00e1s\u00e1ban is seg\u00edts\u00e9get ny\u00fajt. \u00d6sszek\u00f6tj\u00fck a b\u00e9rl\u0151t a biztos\u00edt\u00f3val \u00e9s egyben a biztos\u00edt\u00e1shoz sz\u00fcks\u00e9ges adatokat az ingatlanr\u00f3l elk\u00fcldj\u00fck a biztos\u00edt\u00f3nak.<\/p>\n<p><strong>Egyidej\u0171leg felmer\u00fcl\u0151 k\u00f6lts\u00e9gek<\/strong><\/p>\n<p>Az els\u0151 havi b\u00e9rleti d\u00edj, a kauci\u00f3, az esetleges \u00fcgyv\u00e9di d\u00edj, \u00e9s az ad\u00f3hivatal fel\u00e9 fizetend\u0151 illet\u00e9k utal\u00e1s\u00e1hoz sz\u00fcks\u00e9ges banksz\u00e1mlasz\u00e1mokkal kieg\u00e9sz\u00edtett k\u00f6lts\u00e9gkimutat\u00e1st elektronikusan kik\u00fcldj\u00fck a b\u00e9rl\u0151nek.<\/p>\n<p><strong>FONTOS!<\/strong> A b\u00e9rl\u0151nek a b\u00e9rleti szer\u0151d\u00e9s al\u00e1\u00edr\u00e1s\u00e1ig \u00e1t kell utalnia k\u00f6lts\u00e9gkimutat\u00e1sban szerepl\u0151 t\u00e9teleket a k\u00f6lts\u00e9gkimutat\u00e1sban megadott sz\u00e1mlasz\u00e1mokra, \u00fagy hogy a p\u00e9nz a szerz\u0151d\u00e9s al\u00e1\u00edr\u00e1s\u00e1ig be is \u00e9rkezzen. Amennyiben a p\u00e9nz nem \u00e9rkezik meg id\u0151ben, a b\u00e9rleti szerz\u0151d\u00e9s al\u00e1\u00edr\u00e1s\u00e1ra \u00e9s a lak\u00e1s \u00e1tad\u00e1s\u00e1ra nem ker\u00fcl sor.<\/p>\n<p>A b\u00e9rleti szerz\u0151d\u00e9s al\u00e1\u00edr\u00e1sakor \u00e1tadjuk a b\u00e9rl\u0151nek a tulajdonos al\u00e1\u00edr\u00e1s\u00e1val ell\u00e1tott lakc\u00edmbejelent\u00e9si lapot (Meldezettelt) \u00e9s egy list\u00e1t a lakc\u00edmbejelent\u00e9st v\u00e9gz\u0151 hivatalokr\u00f3l (Meldeamt), ahol a b\u00e9rl\u0151 a lakc\u00edmbejelent\u00e9st elv\u00e9gezheti.<\/p>\n<p><strong>Lak\u00e1s\u00e1tad\u00e1s<\/strong><\/p>\n<p>A lak\u00e1s\u00e1tad\u00e1sra \u00e1ltal\u00e1ban k\u00f6zvetlen\u00fcl a b\u00e9rleti szerz\u0151d\u00e9s al\u00e1\u00edr\u00e1sa ut\u00e1n ker\u00fcl sor.<\/p>\n<p>D\u00e1tummal \u00e9s id\u0151ponttal ell\u00e1tott fot\u00f3protokollt k\u00e9sz\u00edt\u00fcnk a lak\u00e1sr\u00f3l \u00e9s az \u00f3ra\u00e1ll\u00e1sokr\u00f3l. A helysz\u00ednen kit\u00f6ltj\u00fck a lak\u00e1s\u00e1tad\u00e1si jegyz\u0151k\u00f6nyvet, amelyet minden f\u00e9l al\u00e1\u00edr. Kulcs\u00e1tad\u00e1si igazol\u00e1s al\u00e1\u00edr\u00e1s\u00e1val \u00e1tadjuk az ingatlanhoz tartoz\u00f3 kulcsokat a b\u00e9rl\u0151nek.<\/p>\n<p>\u00c1tjelentj\u00fck a k\u00f6zm\u0171veket a lak\u00e1s\u00e1tad\u00e1skor leolvasott \u00e9s jegyz\u0151k\u00f6nyvbe vett \u00f3ra\u00e1ll\u00e1sok alapj\u00e1n a b\u00e9rl\u0151 nev\u00e9re.<\/p>\n<p>Kik\u00fcldj\u00fck a lak\u00e1s\u00e1tad\u00e1si fot\u00f3kat elektronikusan minden f\u00e9l sz\u00e1m\u00e1ra.<\/p>\n<p>A kauci\u00f3t takar\u00e9kbet\u00e9tk\u00f6nyvbe (Sparbuch) helyezz\u00fck \u00e9s annak m\u00e1solat\u00e1t elektronikusan elk\u00fcldj\u00fck minden f\u00e9lnek.<\/p>\n<h3>Tov\u00e1bbi inform\u00e1ci\u00f3k\u00e9rt forduljon hozz\u00e1nk bizalommal!<\/h3>\n\n<div class=\"wpcf7 no-js\" id=\"wpcf7-f123-o1\" lang=\"en-US\" dir=\"ltr\">\n<div class=\"screen-reader-response\"><p role=\"status\" aria-live=\"polite\" aria-atomic=\"true\"><\/p> <ul><\/ul><\/div>\n<form action=\"\/pages\/wp-json\/wp\/v2\/pages\/155#wpcf7-f123-o1\" method=\"post\" class=\"wpcf7-form init\" aria-label=\"Contact form\" novalidate=\"novalidate\" data-status=\"init\">\n<div style=\"display: none;\">\n<input type=\"hidden\" name=\"_wpcf7\" value=\"123\" \/>\n<input type=\"hidden\" name=\"_wpcf7_version\" value=\"5.9.5\" \/>\n<input type=\"hidden\" name=\"_wpcf7_locale\" value=\"en_US\" \/>\n<input type=\"hidden\" name=\"_wpcf7_unit_tag\" value=\"wpcf7-f123-o1\" \/>\n<input type=\"hidden\" name=\"_wpcf7_container_post\" value=\"0\" \/>\n<input type=\"hidden\" name=\"_wpcf7_posted_data_hash\" value=\"\" \/>\n<input type=\"hidden\" name=\"_wpcf7_recaptcha_response\" value=\"\" \/>\n<\/div>\n<div class=\"contact-form-left\">\n\t<p><label>N\u00e9v<br \/>\n<span class=\"wpcf7-form-control-wrap\" data-name=\"your-name\"><input size=\"40\" class=\"wpcf7-form-control wpcf7-text wpcf7-validates-as-required\" aria-required=\"true\" aria-invalid=\"false\" value=\"\" type=\"text\" name=\"your-name\" \/><\/span> <\/label>\n\t<\/p>\n\t<p><label>Email c\u00edm<br \/>\n<span class=\"wpcf7-form-control-wrap\" data-name=\"your-email\"><input size=\"40\" class=\"wpcf7-form-control wpcf7-email wpcf7-validates-as-required wpcf7-text wpcf7-validates-as-email\" aria-required=\"true\" aria-invalid=\"false\" value=\"\" type=\"email\" name=\"your-email\" \/><\/span> <\/label>\n\t<\/p>\n\t<p><label>Telefon<br \/>\n<span class=\"wpcf7-form-control-wrap\" data-name=\"your-phone\"><input size=\"40\" class=\"wpcf7-form-control wpcf7-tel wpcf7-validates-as-required wpcf7-text wpcf7-validates-as-tel\" aria-required=\"true\" aria-invalid=\"false\" value=\"\" type=\"tel\" name=\"your-phone\" \/><\/span> <\/label>\n\t<\/p>\n<\/div>\n<div class=\"contact-form-left\">\n\t<p><label>Megjegyz\u00e9s<br \/>\n<span class=\"wpcf7-form-control-wrap\" data-name=\"your-message\"><textarea cols=\"40\" rows=\"10\" class=\"wpcf7-form-control wpcf7-textarea\" aria-invalid=\"false\" name=\"your-message\"><\/textarea><\/span> <\/label>\n\t<\/p>\n\t<div style=\"text-align:right;\">\n\t\t<p><input class=\"wpcf7-form-control wpcf7-submit has-spinner\" type=\"submit\" value=\"K\u00fcld\u00e9s\" \/>\n\t\t<\/p>\n\t<\/div>\n<\/div><p style=\"display: none !important;\" class=\"akismet-fields-container\" data-prefix=\"_wpcf7_ak_\"><label>&#916;<textarea name=\"_wpcf7_ak_hp_textarea\" cols=\"45\" rows=\"8\" maxlength=\"100\"><\/textarea><\/label><input type=\"hidden\" id=\"ak_js_1\" name=\"_wpcf7_ak_js\" value=\"69\"\/><script>document.getElementById( \"ak_js_1\" ).setAttribute( \"value\", ( new Date() ).getTime() );<\/script><\/p><div class=\"wpcf7-response-output\" aria-hidden=\"true\"><\/div>\n<\/form>\n<\/div>\n\n","protected":false},"excerpt":{"rendered":"<p>Minimum 16 h\u00f3nap id\u0151tartamra sz\u00f3l\u00f3 b\u00e9rl\u00e9si k\u00f6telezetts\u00e9g Els\u0151sorban azoknak aj\u00e1nljuk a b\u00e9rlak\u00e1s int\u00e9zm\u00e9ny\u00e9t, akik hossz\u00fa t\u00e1vra terveznek az osztr\u00e1k f\u0151v\u00e1rosban maradni. T\u00f6rv\u00e9nyileg szab\u00e1lyozott keretek k\u00f6z\u00f6tt a minimum b\u00e9rl\u00e9si id\u0151 16 h\u00f3nap (1 \u00e9v + 3 h\u00f3nap felmond\u00e1si id\u0151), mivel a b\u00e9rleti szerz\u0151d\u00e9s legkor\u00e1bban az 1 \u00e9v letelte ut\u00e1ni k\u00f6vetkez\u0151 h\u00f3napban mondhat\u00f3 fel. Az alb\u00e9rlet minimum [&hellip;]<\/p>\n","protected":false},"author":1,"featured_media":0,"parent":0,"menu_order":0,"comment_status":"closed","ping_status":"closed","template":"","meta":{"footnotes":""},"yoast_head":"<!-- This site is optimized with the Yoast SEO plugin v22.8 - https:\/\/yoast.com\/wordpress\/plugins\/seo\/ -->\n<title>Mire van sz\u00fcks\u00e9gem, ha B\u00e9csben szeretn\u00e9k lak\u00e1st b\u00e9relni? - B\u00e9csi Alb\u00e9rletek<\/title>\n<meta name=\"robots\" content=\"index, follow, max-snippet:-1, max-image-preview:large, max-video-preview:-1\" \/>\n<link rel=\"canonical\" href=\"https:\/\/becsalberlet.com\/pages\/lakasberles\/\" \/>\n<meta property=\"og:locale\" content=\"en_US\" \/>\n<meta property=\"og:type\" content=\"article\" \/>\n<meta property=\"og:title\" content=\"Mire van sz\u00fcks\u00e9gem, ha B\u00e9csben szeretn\u00e9k lak\u00e1st b\u00e9relni? - B\u00e9csi Alb\u00e9rletek\" \/>\n<meta property=\"og:description\" content=\"Minimum 16 h\u00f3nap id\u0151tartamra sz\u00f3l\u00f3 b\u00e9rl\u00e9si k\u00f6telezetts\u00e9g Els\u0151sorban azoknak aj\u00e1nljuk a b\u00e9rlak\u00e1s int\u00e9zm\u00e9ny\u00e9t, akik hossz\u00fa t\u00e1vra terveznek az osztr\u00e1k f\u0151v\u00e1rosban maradni. T\u00f6rv\u00e9nyileg szab\u00e1lyozott keretek k\u00f6z\u00f6tt a minimum b\u00e9rl\u00e9si id\u0151 16 h\u00f3nap (1 \u00e9v + 3 h\u00f3nap felmond\u00e1si id\u0151), mivel a b\u00e9rleti szerz\u0151d\u00e9s legkor\u00e1bban az 1 \u00e9v letelte ut\u00e1ni k\u00f6vetkez\u0151 h\u00f3napban mondhat\u00f3 fel. Az alb\u00e9rlet minimum [&hellip;]\" \/>\n<meta property=\"og:url\" content=\"https:\/\/becsalberlet.com\/pages\/lakasberles\/\" \/>\n<meta property=\"og:site_name\" content=\"B\u00e9csi Alb\u00e9rletek\" \/>\n<meta property=\"article:modified_time\" content=\"2024-05-17T07:21:39+00:00\" \/>\n<meta name=\"twitter:card\" content=\"summary_large_image\" \/>\n<meta name=\"twitter:label1\" content=\"Est. reading time\" \/>\n\t<meta name=\"twitter:data1\" content=\"4 minutes\" \/>\n<script type=\"application\/ld+json\" class=\"yoast-schema-graph\">{\"@context\":\"https:\/\/schema.org\",\"@graph\":[{\"@type\":\"WebPage\",\"@id\":\"https:\/\/becsalberlet.com\/pages\/lakasberles\/\",\"url\":\"https:\/\/becsalberlet.com\/pages\/lakasberles\/\",\"name\":\"Mire van sz\u00fcks\u00e9gem, ha B\u00e9csben szeretn\u00e9k lak\u00e1st b\u00e9relni? - B\u00e9csi Alb\u00e9rletek\",\"isPartOf\":{\"@id\":\"https:\/\/becsalberlet.com\/pages\/#website\"},\"datePublished\":\"2017-08-26T08:41:03+00:00\",\"dateModified\":\"2024-05-17T07:21:39+00:00\",\"breadcrumb\":{\"@id\":\"https:\/\/becsalberlet.com\/pages\/lakasberles\/#breadcrumb\"},\"inLanguage\":\"en-US\",\"potentialAction\":[{\"@type\":\"ReadAction\",\"target\":[\"https:\/\/becsalberlet.com\/pages\/lakasberles\/\"]}]},{\"@type\":\"BreadcrumbList\",\"@id\":\"https:\/\/becsalberlet.com\/pages\/lakasberles\/#breadcrumb\",\"itemListElement\":[{\"@type\":\"ListItem\",\"position\":1,\"name\":\"Home\",\"item\":\"https:\/\/becsalberlet.com\/pages\/\"},{\"@type\":\"ListItem\",\"position\":2,\"name\":\"Mire van sz\u00fcks\u00e9gem, ha B\u00e9csben szeretn\u00e9k lak\u00e1st b\u00e9relni?\"}]},{\"@type\":\"WebSite\",\"@id\":\"https:\/\/becsalberlet.com\/pages\/#website\",\"url\":\"https:\/\/becsalberlet.com\/pages\/\",\"name\":\"B\u00e9csi Alb\u00e9rletek\",\"description\":\"\",\"potentialAction\":[{\"@type\":\"SearchAction\",\"target\":{\"@type\":\"EntryPoint\",\"urlTemplate\":\"https:\/\/becsalberlet.com\/pages\/?s={search_term_string}\"},\"query-input\":\"required name=search_term_string\"}],\"inLanguage\":\"en-US\"}]}<\/script>\n<!-- \/ Yoast SEO plugin. -->","yoast_head_json":{"title":"Mire van sz\u00fcks\u00e9gem, ha B\u00e9csben szeretn\u00e9k lak\u00e1st b\u00e9relni? - B\u00e9csi Alb\u00e9rletek","robots":{"index":"index","follow":"follow","max-snippet":"max-snippet:-1","max-image-preview":"max-image-preview:large","max-video-preview":"max-video-preview:-1"},"canonical":"https:\/\/becsalberlet.com\/pages\/lakasberles\/","og_locale":"en_US","og_type":"article","og_title":"Mire van sz\u00fcks\u00e9gem, ha B\u00e9csben szeretn\u00e9k lak\u00e1st b\u00e9relni? - B\u00e9csi Alb\u00e9rletek","og_description":"Minimum 16 h\u00f3nap id\u0151tartamra sz\u00f3l\u00f3 b\u00e9rl\u00e9si k\u00f6telezetts\u00e9g Els\u0151sorban azoknak aj\u00e1nljuk a b\u00e9rlak\u00e1s int\u00e9zm\u00e9ny\u00e9t, akik hossz\u00fa t\u00e1vra terveznek az osztr\u00e1k f\u0151v\u00e1rosban maradni. T\u00f6rv\u00e9nyileg szab\u00e1lyozott keretek k\u00f6z\u00f6tt a minimum b\u00e9rl\u00e9si id\u0151 16 h\u00f3nap (1 \u00e9v + 3 h\u00f3nap felmond\u00e1si id\u0151), mivel a b\u00e9rleti szerz\u0151d\u00e9s legkor\u00e1bban az 1 \u00e9v letelte ut\u00e1ni k\u00f6vetkez\u0151 h\u00f3napban mondhat\u00f3 fel. Az alb\u00e9rlet minimum [&hellip;]","og_url":"https:\/\/becsalberlet.com\/pages\/lakasberles\/","og_site_name":"B\u00e9csi Alb\u00e9rletek","article_modified_time":"2024-05-17T07:21:39+00:00","twitter_card":"summary_large_image","twitter_misc":{"Est. reading time":"4 minutes"},"schema":{"@context":"https:\/\/schema.org","@graph":[{"@type":"WebPage","@id":"https:\/\/becsalberlet.com\/pages\/lakasberles\/","url":"https:\/\/becsalberlet.com\/pages\/lakasberles\/","name":"Mire van sz\u00fcks\u00e9gem, ha B\u00e9csben szeretn\u00e9k lak\u00e1st b\u00e9relni? - B\u00e9csi Alb\u00e9rletek","isPartOf":{"@id":"https:\/\/becsalberlet.com\/pages\/#website"},"datePublished":"2017-08-26T08:41:03+00:00","dateModified":"2024-05-17T07:21:39+00:00","breadcrumb":{"@id":"https:\/\/becsalberlet.com\/pages\/lakasberles\/#breadcrumb"},"inLanguage":"en-US","potentialAction":[{"@type":"ReadAction","target":["https:\/\/becsalberlet.com\/pages\/lakasberles\/"]}]},{"@type":"BreadcrumbList","@id":"https:\/\/becsalberlet.com\/pages\/lakasberles\/#breadcrumb","itemListElement":[{"@type":"ListItem","position":1,"name":"Home","item":"https:\/\/becsalberlet.com\/pages\/"},{"@type":"ListItem","position":2,"name":"Mire van sz\u00fcks\u00e9gem, ha B\u00e9csben szeretn\u00e9k lak\u00e1st b\u00e9relni?"}]},{"@type":"WebSite","@id":"https:\/\/becsalberlet.com\/pages\/#website","url":"https:\/\/becsalberlet.com\/pages\/","name":"B\u00e9csi Alb\u00e9rletek","description":"","potentialAction":[{"@type":"SearchAction","target":{"@type":"EntryPoint","urlTemplate":"https:\/\/becsalberlet.com\/pages\/?s={search_term_string}"},"query-input":"required name=search_term_string"}],"inLanguage":"en-US"}]}},"_links":{"self":[{"href":"https:\/\/becsalberlet.com\/pages\/wp-json\/wp\/v2\/pages\/155"}],"collection":[{"href":"https:\/\/becsalberlet.com\/pages\/wp-json\/wp\/v2\/pages"}],"about":[{"href":"https:\/\/becsalberlet.com\/pages\/wp-json\/wp\/v2\/types\/page"}],"author":[{"embeddable":true,"href":"https:\/\/becsalberlet.com\/pages\/wp-json\/wp\/v2\/users\/1"}],"replies":[{"embeddable":true,"href":"https:\/\/becsalberlet.com\/pages\/wp-json\/wp\/v2\/comments?post=155"}],"version-history":[{"count":8,"href":"https:\/\/becsalberlet.com\/pages\/wp-json\/wp\/v2\/pages\/155\/revisions"}],"predecessor-version":[{"id":376,"href":"https:\/\/becsalberlet.com\/pages\/wp-json\/wp\/v2\/pages\/155\/revisions\/376"}],"wp:attachment":[{"href":"https:\/\/becsalberlet.com\/pages\/wp-json\/wp\/v2\/media?parent=155"}],"curies":[{"name":"wp","href":"https:\/\/api.w.org\/{rel}","templated":true}]}}